{"id":396,"date":"2018-09-10T16:26:57","date_gmt":"2018-09-10T14:26:57","guid":{"rendered":"https:\/\/www.globustrasporti.ch\/?page_id=396"},"modified":"2018-09-10T16:26:57","modified_gmt":"2018-09-10T14:26:57","slug":"transporte","status":"publish","type":"page","link":"https:\/\/www.globustrasporti.ch\/de\/transporte\/","title":{"rendered":"TRANSPORTE"},"content":{"rendered":"<p>[vc_row css_animation=&#8220;&#8220; row_type=&#8220;row&#8220; use_row_as_full_screen_section=&#8220;no&#8220; type=&#8220;full_width&#8220; angled_section=&#8220;no&#8220; text_align=&#8220;left&#8220; background_image_as_pattern=&#8220;without_pattern&#8220; css=&#8220;.vc_custom_1522832473190{margin-right: 10px !important;margin-left: 10px !important;}&#8220; z_index=&#8220;&#8220;][vc_column][vc_empty_space height=&#8220;60px&#8220;][vc_single_image image=&#8220;241&#8243; img_size=&#8220;full&#8220; alignment=&#8220;center&#8220; qode_css_animation=&#8220;&#8220; el_class=&#8220;animation-image&#8220;][vc_empty_space][vc_column_text]<\/p>\n<h2 class=\"p1\" style=\"text-align: center;\"><span class=\"s1\">TRANSPORTE<\/span><\/h2>\n<p>[\/vc_column_text][vc_empty_space height=&#8220;50px&#8220;][\/vc_column][\/vc_row][vc_row css_animation=&#8220;&#8220; row_type=&#8220;row&#8220; use_row_as_full_screen_section=&#8220;no&#8220; type=&#8220;full_width&#8220; angled_section=&#8220;no&#8220; text_align=&#8220;left&#8220; background_image_as_pattern=&#8220;without_pattern&#8220; css=&#8220;.vc_custom_1522832473190{margin-right: 10px !important;margin-left: 10px !important;}&#8220; z_index=&#8220;&#8220;][vc_column][qode_elements_holder number_of_columns=&#8220;one_column&#8220;][qode_elements_holder_item item_padding=&#8220;0 47px&#8220; advanced_animations=&#8220;no&#8220;][vc_column_text]<\/p>\n<p class=\"p1\"><strong><span class=\"s1\">Transporte f\u00fcr Sammelgut und Komplettladungen <\/span><\/strong><\/p>\n<p class=\"p1\"><span class=\"s1\">Wir sind in der Lage Komplettladungen und Sammelgutverkehr in ganz Europa zu organisieren.<\/span><\/p>\n<p class=\"p1\"><span class=\"s1\">Wir bieten t\u00e4glichen Lastwagenverkehr aus und f\u00fcr die Schweiz an. Wir verf\u00fcgen \u00fcber Lieferwagen und Sattelschlepper mit Hebeb\u00fchne f\u00fcr express Zustellungen.<\/span><\/p>\n<p class=\"p1\"><span class=\"s1\">Auf Anfrage f\u00fchren wir Transporte von ADR Ware aus (Gefahrgut).<\/span><\/p>\n<p>&nbsp;<\/p>\n<p class=\"p1\"><strong><span class=\"s1\">Sondertransporte<\/span><\/strong><\/p>\n<p class=\"p1\"><span class=\"s1\">Wir verf\u00fcgen au\u00dferdem \u00fcber folgende Transportm\u00f6glichkeiten:<\/span><\/p>\n<ul class=\"ul1\">\n<li class=\"li1\"><span class=\"s1\">Zugmaschinen (5 m \/8 m) <b>mit Kran Arm<\/b> ausgestattet f\u00fcr Lieferungen auf Baustellen.<\/span><\/li>\n<li class=\"li1\"><span class=\"s1\"><b>Standard<\/b>, <b>Tieflader<\/b>, <b>Modulare<\/b>, und <b>Spezial \u2013 Sattelanh\u00e4nger<\/b>.<\/span><\/li>\n<li class=\"li1\"><span class=\"s1\">Offene oder mit Abdeckplane ausgestattet Sattelschlepper, f\u00fcr <b>Maschinentransporte<\/b> oder zur Lieferung von <b>Baumaterial<\/b> oder <b>Sperrgut<\/b>.<\/span><\/li>\n<\/ul>\n<p>&nbsp;<\/p>\n<p class=\"p1\"><strong><span class=\"s1\">LUFTFRACHT<\/span><\/strong><\/p>\n<p class=\"p1\"><span class=\"s1\">F\u00fcr unsere Luftfracht st\u00fctzen wir uns auf die Flugh\u00e4fen in Mailand und Z\u00fcrich.<\/span><\/p>\n<p class=\"p1\"><span class=\"s1\">Wir sind in Dubai vertreten, wo wir Transporte und Speditionen f\u00fcr die Vereinigten Arabischen Emirate verrichten.<\/span><\/p>\n<p>&nbsp;<\/p>\n<p class=\"p1\"><strong><span class=\"s1\">SEEFRACHT<\/span><\/strong><\/p>\n<p class=\"p1\"><span class=\"s1\">Mit unserem Au\u00dfendienst in Genua organisieren wir Seefracht:<\/span><\/p>\n<ul class=\"ul1\">\n<li class=\"li1\"><span class=\"s1\">Seefrachtversand LCL\/LCL<\/span> <span class=\"s1\">Container Groupage (Sammelgut)<\/span><\/li>\n<li class=\"li1\"><span class=\"s1\">Seefrachtversand FCL\/FCL komplette Container<\/span><\/li>\n<li class=\"li1\"><span class=\"s1\">Seefrachtversand im Laderaum, konventionelles System<\/span><\/li>\n<li class=\"li1\"><span class=\"s1\">Verpackung und Lagerung der Sendungen<\/span><\/li>\n<li class=\"li1\"><span class=\"s1\">T\u00fcr zu T\u00fcr Versand mit eigenen Fahrzeugen oder durch selbst\u00e4ndige Fahrer unseres vertrauten Netzes.<\/span><\/li>\n<\/ul>\n<p class=\"p1\"><span class=\"s2\">\u00a0<\/span><\/p>\n<p>[\/vc_column_text][\/qode_elements_holder_item][\/qode_elements_holder][vc_empty_space height=&#8220;50px&#8220;][\/vc_column][\/vc_row][vc_row css_animation=&#8220;&#8220; row_type=&#8220;row&#8220; use_row_as_full_screen_section=&#8220;no&#8220; type=&#8220;full_width&#8220; angled_section=&#8220;no&#8220; text_align=&#8220;left&#8220; background_image_as_pattern=&#8220;without_pattern&#8220; css=&#8220;.vc_custom_1522831822796{margin-right: 40px !important;margin-left: 40px !important;}&#8220; z_index=&#8220;&#8220;][vc_column][vc_separator type=&#8220;normal&#8220;][vc_empty_space][vc_column_text]<\/p>\n<h2 class=\"p1\"><span class=\"s1\">Nehmen Sie Mit Uns Kontakt Auf. Gerne Geben Wir Lhnen Weitere Informationen \u00dcber Unsere Dienstleistungen Oder Erstellen Ihnen Einen Gratis Kostenvoranschlag.<\/span><\/h2>\n<p>[\/vc_column_text][vc_empty_space]<div role=\"form\" class=\"wpcf7\" id=\"wpcf7-f378-o1\" lang=\"it-IT\" dir=\"ltr\">\n<div class=\"screen-reader-response\"><p role=\"status\" aria-live=\"polite\" aria-atomic=\"true\"><\/p> <ul><\/ul><\/div>\n<form action=\"\/de\/wp-json\/wp\/v2\/pages\/396#wpcf7-f378-o1\" method=\"post\" class=\"wpcf7-form init cf7_custom_style_2\" novalidate=\"novalidate\" data-status=\"init\">\n<div style=\"display: none;\">\n<input type=\"hidden\" name=\"_wpcf7\" value=\"378\" \/>\n<input type=\"hidden\" name=\"_wpcf7_version\" value=\"5.6.3\" \/>\n<input type=\"hidden\" name=\"_wpcf7_locale\" value=\"it_IT\" \/>\n<input type=\"hidden\" name=\"_wpcf7_unit_tag\" value=\"wpcf7-f378-o1\" \/>\n<input type=\"hidden\" name=\"_wpcf7_container_post\" value=\"0\" \/>\n<input type=\"hidden\" name=\"_wpcf7_posted_data_hash\" value=\"\" \/>\n<input type=\"hidden\" name=\"_wpcf7_recaptcha_response\" value=\"\" \/>\n<\/div>\n<p><label> Name (nodig)<br \/>\n    <span class=\"wpcf7-form-control-wrap\" data-name=\"your-name\"><input type=\"text\" name=\"your-name\" value=\"\" size=\"40\" class=\"wpcf7-form-control wpcf7-text wpcf7-validates-as-required\" aria-required=\"true\" aria-invalid=\"false\" \/><\/span> <\/label><\/p>\n<p><label> Email (nodig)<br \/>\n    <span class=\"wpcf7-form-control-wrap\" data-name=\"your-email\"><input type=\"email\" name=\"your-email\" value=\"\" size=\"40\" class=\"wpcf7-form-control wpcf7-text wpcf7-email wpcf7-validates-as-required wpcf7-validates-as-email\" aria-required=\"true\" aria-invalid=\"false\" \/><\/span> <\/label><\/p>\n<p><label> Object<br \/>\n    <span class=\"wpcf7-form-control-wrap\" data-name=\"your-subject\"><input type=\"text\" name=\"your-subject\" value=\"\" size=\"40\" class=\"wpcf7-form-control wpcf7-text\" aria-invalid=\"false\" \/><\/span> <\/label><\/p>\n<p><label> Deine Nachricht<br \/>\n    <span class=\"wpcf7-form-control-wrap\" data-name=\"your-message\"><textarea name=\"your-message\" cols=\"40\" rows=\"10\" class=\"wpcf7-form-control wpcf7-textarea\" aria-invalid=\"false\"><\/textarea><\/span> <\/label><\/p>\n<p><input type=\"submit\" value=\"Einreichen\" class=\"wpcf7-form-control has-spinner wpcf7-submit\" \/><\/p>\n<p style=\"display: none !important;\"><label>&#916;<textarea name=\"_wpcf7_ak_hp_textarea\" cols=\"45\" rows=\"8\" maxlength=\"100\"><\/textarea><\/label><input type=\"hidden\" id=\"ak_js_1\" name=\"_wpcf7_ak_js\" value=\"131\"\/><script>document.getElementById( \"ak_js_1\" ).setAttribute( \"value\", ( new Date() ).getTime() );<\/script><\/p><div class=\"wpcf7-response-output\" aria-hidden=\"true\"><\/div><\/form><\/div>[\/vc_column][\/vc_row]<\/p>\n","protected":false},"excerpt":{"rendered":"<p>[vc_row css_animation=&#8220;&#8220; row_type=&#8220;row&#8220; use_row_as_full_screen_section=&#8220;no&#8220; type=&#8220;full_width&#8220; angled_section=&#8220;no&#8220; text_align=&#8220;left&#8220; background_image_as_pattern=&#8220;without_pattern&#8220; css=&#8220;.vc_custom_1522832473190{margin-right: 10px !important;margin-left: 10px !important;}&#8220; z_index=&#8220;&#8220;][vc_column][vc_empty_space height=&#8220;60px&#8220;][vc_single_image image=&#8220;241&#8243; img_size=&#8220;full&#8220; alignment=&#8220;center&#8220; qode_css_animation=&#8220;&#8220; el_class=&#8220;animation-image&#8220;][vc_empty_space][vc_column_text] TRANSPORTE [\/vc_column_text][vc_empty_space height=&#8220;50px&#8220;][\/vc_column][\/vc_row][vc_row css_animation=&#8220;&#8220; row_type=&#8220;row&#8220; use_row_as_full_screen_section=&#8220;no&#8220; type=&#8220;full_width&#8220; angled_section=&#8220;no&#8220; text_align=&#8220;left&#8220; background_image_as_pattern=&#8220;without_pattern&#8220; css=&#8220;.vc_custom_1522832473190{margin-right: 10px !important;margin-left: 10px !important;}&#8220; z_index=&#8220;&#8220;][vc_column][qode_elements_holder number_of_columns=&#8220;one_column&#8220;][qode_elements_holder_item item_padding=&#8220;0 47px&#8220; advanced_animations=&#8220;no&#8220;][vc_column_text] Transporte f\u00fcr Sammelgut und Komplettladungen&#8230;<\/p>\n","protected":false},"author":1,"featured_media":0,"parent":0,"menu_order":0,"comment_status":"closed","ping_status":"closed","template":"full_width.php","meta":[],"yoast_head":"<!-- This site is optimized with the Yoast SEO plugin v19.7.1 - https:\/\/yoast.com\/wordpress\/plugins\/seo\/ -->\n<title>TRANSPORTE - Globus<\/title>\n<meta name=\"robots\" content=\"index, follow, max-snippet:-1, max-image-preview:large, max-video-preview:-1\" \/>\n<link rel=\"canonical\" href=\"https:\/\/www.globustrasporti.ch\/de\/transporte\/\" \/>\n<meta property=\"og:locale\" content=\"de_DE\" \/>\n<meta property=\"og:type\" content=\"article\" \/>\n<meta property=\"og:title\" content=\"TRANSPORTE - Globus\" \/>\n<meta property=\"og:description\" content=\"[vc_row css_animation=&#8220;&#8220; row_type=&#8220;row&#8220; use_row_as_full_screen_section=&#8220;no&#8220; type=&#8220;full_width&#8220; angled_section=&#8220;no&#8220; text_align=&#8220;left&#8220; background_image_as_pattern=&#8220;without_pattern&#8220; css=&#8220;.vc_custom_1522832473190{margin-right: 10px !important;margin-left: 10px !important;}&#8220; z_index=&#8220;&#8220;][vc_column][vc_empty_space height=&#8220;60px&#8220;][vc_single_image image=&#8220;241&#8243; img_size=&#8220;full&#8220; alignment=&#8220;center&#8220; qode_css_animation=&#8220;&#8220; el_class=&#8220;animation-image&#8220;][vc_empty_space][vc_column_text] TRANSPORTE [\/vc_column_text][vc_empty_space height=&#8220;50px&#8220;][\/vc_column][\/vc_row][vc_row css_animation=&#8220;&#8220; row_type=&#8220;row&#8220; use_row_as_full_screen_section=&#8220;no&#8220; type=&#8220;full_width&#8220; angled_section=&#8220;no&#8220; text_align=&#8220;left&#8220; background_image_as_pattern=&#8220;without_pattern&#8220; css=&#8220;.vc_custom_1522832473190{margin-right: 10px !important;margin-left: 10px !important;}&#8220; z_index=&#8220;&#8220;][vc_column][qode_elements_holder number_of_columns=&#8220;one_column&#8220;][qode_elements_holder_item item_padding=&#8220;0 47px&#8220; advanced_animations=&#8220;no&#8220;][vc_column_text] Transporte f\u00fcr Sammelgut und Komplettladungen...\" \/>\n<meta property=\"og:url\" content=\"https:\/\/www.globustrasporti.ch\/de\/transporte\/\" \/>\n<meta property=\"og:site_name\" content=\"Globus\" \/>\n<meta name=\"twitter:card\" content=\"summary_large_image\" \/>\n<meta name=\"twitter:label1\" content=\"Gesch\u00e4tzte Lesezeit\" \/>\n\t<meta name=\"twitter:data1\" content=\"2 Minuten\" \/>\n<script type=\"application\/ld+json\" class=\"yoast-schema-graph\">{\"@context\":\"https:\/\/schema.org\",\"@graph\":[{\"@type\":\"WebPage\",\"@id\":\"https:\/\/www.globustrasporti.ch\/de\/transporte\/\",\"url\":\"https:\/\/www.globustrasporti.ch\/de\/transporte\/\",\"name\":\"TRANSPORTE - Globus\",\"isPartOf\":{\"@id\":\"https:\/\/www.globustrasporti.ch\/#website\"},\"datePublished\":\"2018-09-10T14:26:57+00:00\",\"dateModified\":\"2018-09-10T14:26:57+00:00\",\"breadcrumb\":{\"@id\":\"https:\/\/www.globustrasporti.ch\/de\/transporte\/#breadcrumb\"},\"inLanguage\":\"de-DE\",\"potentialAction\":[{\"@type\":\"ReadAction\",\"target\":[\"https:\/\/www.globustrasporti.ch\/de\/transporte\/\"]}]},{\"@type\":\"BreadcrumbList\",\"@id\":\"https:\/\/www.globustrasporti.ch\/de\/transporte\/#breadcrumb\",\"itemListElement\":[{\"@type\":\"ListItem\",\"position\":1,\"name\":\"Home\",\"item\":\"https:\/\/www.globustrasporti.ch\/de\/\"},{\"@type\":\"ListItem\",\"position\":2,\"name\":\"TRANSPORTE\"}]},{\"@type\":\"WebSite\",\"@id\":\"https:\/\/www.globustrasporti.ch\/#website\",\"url\":\"https:\/\/www.globustrasporti.ch\/\",\"name\":\"Globus\",\"description\":\"Trasporti Internazionali\",\"potentialAction\":[{\"@type\":\"SearchAction\",\"target\":{\"@type\":\"EntryPoint\",\"urlTemplate\":\"https:\/\/www.globustrasporti.ch\/?s={search_term_string}\"},\"query-input\":\"required name=search_term_string\"}],\"inLanguage\":\"de-DE\"}]}<\/script>\n<!-- \/ Yoast SEO plugin. -->","yoast_head_json":{"title":"TRANSPORTE - Globus","robots":{"index":"index","follow":"follow","max-snippet":"max-snippet:-1","max-image-preview":"max-image-preview:large","max-video-preview":"max-video-preview:-1"},"canonical":"https:\/\/www.globustrasporti.ch\/de\/transporte\/","og_locale":"de_DE","og_type":"article","og_title":"TRANSPORTE - Globus","og_description":"[vc_row css_animation=&#8220;&#8220; row_type=&#8220;row&#8220; use_row_as_full_screen_section=&#8220;no&#8220; type=&#8220;full_width&#8220; angled_section=&#8220;no&#8220; text_align=&#8220;left&#8220; background_image_as_pattern=&#8220;without_pattern&#8220; css=&#8220;.vc_custom_1522832473190{margin-right: 10px !important;margin-left: 10px !important;}&#8220; z_index=&#8220;&#8220;][vc_column][vc_empty_space height=&#8220;60px&#8220;][vc_single_image image=&#8220;241&#8243; img_size=&#8220;full&#8220; alignment=&#8220;center&#8220; qode_css_animation=&#8220;&#8220; el_class=&#8220;animation-image&#8220;][vc_empty_space][vc_column_text] TRANSPORTE [\/vc_column_text][vc_empty_space height=&#8220;50px&#8220;][\/vc_column][\/vc_row][vc_row css_animation=&#8220;&#8220; row_type=&#8220;row&#8220; use_row_as_full_screen_section=&#8220;no&#8220; type=&#8220;full_width&#8220; angled_section=&#8220;no&#8220; text_align=&#8220;left&#8220; background_image_as_pattern=&#8220;without_pattern&#8220; css=&#8220;.vc_custom_1522832473190{margin-right: 10px !important;margin-left: 10px !important;}&#8220; z_index=&#8220;&#8220;][vc_column][qode_elements_holder number_of_columns=&#8220;one_column&#8220;][qode_elements_holder_item item_padding=&#8220;0 47px&#8220; advanced_animations=&#8220;no&#8220;][vc_column_text] Transporte f\u00fcr Sammelgut und Komplettladungen...","og_url":"https:\/\/www.globustrasporti.ch\/de\/transporte\/","og_site_name":"Globus","twitter_card":"summary_large_image","twitter_misc":{"Gesch\u00e4tzte Lesezeit":"2 Minuten"},"schema":{"@context":"https:\/\/schema.org","@graph":[{"@type":"WebPage","@id":"https:\/\/www.globustrasporti.ch\/de\/transporte\/","url":"https:\/\/www.globustrasporti.ch\/de\/transporte\/","name":"TRANSPORTE - Globus","isPartOf":{"@id":"https:\/\/www.globustrasporti.ch\/#website"},"datePublished":"2018-09-10T14:26:57+00:00","dateModified":"2018-09-10T14:26:57+00:00","breadcrumb":{"@id":"https:\/\/www.globustrasporti.ch\/de\/transporte\/#breadcrumb"},"inLanguage":"de-DE","potentialAction":[{"@type":"ReadAction","target":["https:\/\/www.globustrasporti.ch\/de\/transporte\/"]}]},{"@type":"BreadcrumbList","@id":"https:\/\/www.globustrasporti.ch\/de\/transporte\/#breadcrumb","itemListElement":[{"@type":"ListItem","position":1,"name":"Home","item":"https:\/\/www.globustrasporti.ch\/de\/"},{"@type":"ListItem","position":2,"name":"TRANSPORTE"}]},{"@type":"WebSite","@id":"https:\/\/www.globustrasporti.ch\/#website","url":"https:\/\/www.globustrasporti.ch\/","name":"Globus","description":"Trasporti Internazionali","potentialAction":[{"@type":"SearchAction","target":{"@type":"EntryPoint","urlTemplate":"https:\/\/www.globustrasporti.ch\/?s={search_term_string}"},"query-input":"required name=search_term_string"}],"inLanguage":"de-DE"}]}},"_links":{"self":[{"href":"https:\/\/www.globustrasporti.ch\/de\/wp-json\/wp\/v2\/pages\/396"}],"collection":[{"href":"https:\/\/www.globustrasporti.ch\/de\/wp-json\/wp\/v2\/pages"}],"about":[{"href":"https:\/\/www.globustrasporti.ch\/de\/wp-json\/wp\/v2\/types\/page"}],"author":[{"embeddable":true,"href":"https:\/\/www.globustrasporti.ch\/de\/wp-json\/wp\/v2\/users\/1"}],"replies":[{"embeddable":true,"href":"https:\/\/www.globustrasporti.ch\/de\/wp-json\/wp\/v2\/comments?post=396"}],"version-history":[{"count":2,"href":"https:\/\/www.globustrasporti.ch\/de\/wp-json\/wp\/v2\/pages\/396\/revisions"}],"predecessor-version":[{"id":398,"href":"https:\/\/www.globustrasporti.ch\/de\/wp-json\/wp\/v2\/pages\/396\/revisions\/398"}],"wp:attachment":[{"href":"https:\/\/www.globustrasporti.ch\/de\/wp-json\/wp\/v2\/media?parent=396"}],"curies":[{"name":"wp","href":"https:\/\/api.w.org\/{rel}","templated":true}]}}